{"id":868,"date":"2022-09-26T08:58:03","date_gmt":"2022-09-26T08:58:03","guid":{"rendered":"https:\/\/fikahub.com\/contact-us\/"},"modified":"2025-09-28T07:14:33","modified_gmt":"2025-09-28T07:14:33","slug":"lien-he","status":"publish","type":"page","link":"https:\/\/fikahub.com\/vi\/lien-he\/","title":{"rendered":"Li\u00ean H\u1ec7"},"content":{"rendered":"\n\n\t<section class=\"section\" id=\"section_1288625118\">\n\t\t<div class=\"section-bg fill\" >\n\t\t\t\t\t\t\t\t\t\n\t\t\t\n\n\t\t<\/div>\n\n\t\t\n\n\t\t<div class=\"section-content relative\">\n\t\t\t\n\n<div class=\"row row-large\"  id=\"row-179064205\">\n\n\n\t<div id=\"col-1553035648\" class=\"col medium-6 small-12 large-6\"  >\n\t\t\t\t<div class=\"col-inner\"  >\n\t\t\t\n\t\t\t\n\n<div class=\"container section-title-container\" ><h1 class=\"section-title section-title-normal\"><b aria-hidden=\"true\"><\/b><span class=\"section-title-main\" >Li\u00ean h\u1ec7<\/span><b aria-hidden=\"true\"><\/b><\/h1><\/div>\n\n<p>Vui l\u00f2ng s\u1eed d\u1ee5ng form b\u00ean d\u01b0\u1edbi \u0111\u1ec3 \u0111i\u1ec1n y\u00eau c\u1ea7u c\u1ee7a b\u1ea1n.<\/p>\n\n<div class=\"wpcf7 no-js\" id=\"wpcf7-f1156-o1\" lang=\"en-US\" dir=\"ltr\" data-wpcf7-id=\"1156\">\n<div class=\"screen-reader-response\"><p role=\"status\" aria-live=\"polite\" aria-atomic=\"true\"><\/p> <ul><\/ul><\/div>\n<form action=\"\/vi\/wp-json\/wp\/v2\/pages\/868#wpcf7-f1156-o1\" method=\"post\" class=\"wpcf7-form init\" aria-label=\"Contact form\" novalidate=\"novalidate\" data-status=\"init\">\n<fieldset class=\"hidden-fields-container\"><input type=\"hidden\" name=\"_wpcf7\" value=\"1156\" \/><input type=\"hidden\" name=\"_wpcf7_version\" value=\"6.1.5\" \/><input type=\"hidden\" name=\"_wpcf7_locale\" value=\"en_US\" \/><input type=\"hidden\" name=\"_wpcf7_unit_tag\" value=\"wpcf7-f1156-o1\" \/><input type=\"hidden\" name=\"_wpcf7_container_post\" value=\"0\" \/><input type=\"hidden\" name=\"_wpcf7_posted_data_hash\" value=\"\" \/>\n<\/fieldset>\n<p><label> H\u1ecd t\u00ean<br \/>\n<span class=\"wpcf7-form-control-wrap\" data-name=\"your-name\"><input size=\"40\" maxlength=\"400\" class=\"wpcf7-form-control wpcf7-text wpcf7-validates-as-required\" aria-required=\"true\" aria-invalid=\"false\" value=\"\" type=\"text\" name=\"your-name\" \/><\/span> <\/label>\n<\/p>\n<p><label> Email<br \/>\n<span class=\"wpcf7-form-control-wrap\" data-name=\"your-email\"><input size=\"40\" maxlength=\"400\" class=\"wpcf7-form-control wpcf7-email wpcf7-validates-as-required wpcf7-text wpcf7-validates-as-email\" aria-required=\"true\" aria-invalid=\"false\" value=\"\" type=\"email\" name=\"your-email\" \/><\/span> <\/label>\n<\/p>\n<p><span class=\"wpcf7-form-control-wrap\" data-name=\"Services\"><select class=\"wpcf7-form-control wpcf7-select wpcf7-validates-as-required\" aria-required=\"true\" aria-invalid=\"false\" name=\"Services\"><option value=\"Local SEO\">Local SEO<\/option><option value=\"Google Maps Management &amp; Optimization\">Google Maps Management &amp; Optimization<\/option><option value=\"QR &amp; NFC Smart Card\">QR &amp; NFC Smart Card<\/option><option value=\"Google Maps Reviews\">Google Maps Reviews<\/option><\/select><\/span>\n<\/p>\n<p><label> Y\u00eau c\u1ea7u c\u1ee7a b\u1ea1n (optional)<br \/>\n<span class=\"wpcf7-form-control-wrap\" data-name=\"your-message\"><textarea cols=\"40\" rows=\"10\" maxlength=\"2000\" class=\"wpcf7-form-control wpcf7-textarea\" aria-invalid=\"false\" name=\"your-message\"><\/textarea><\/span> <\/label>\n<\/p>\n<p><span class=\"wpcf7-form-control-wrap\" data-name=\"acceptance-155\"><span class=\"wpcf7-form-control wpcf7-acceptance optional\"><span class=\"wpcf7-list-item\"><label><input type=\"checkbox\" name=\"acceptance-155\" value=\"1\" aria-invalid=\"false\" \/><span class=\"wpcf7-list-item-label\">B\u1ea1n kh\u00f4ng ph\u1ea3i l\u00e0 robot.<\/span><\/label><\/span><\/span><\/span>\n<\/p>\n<p><input class=\"wpcf7-form-control wpcf7-submit has-spinner\" type=\"submit\" value=\"G\u1eedi ngay\" \/>\n<\/p><div class=\"wpcf7-response-output\" aria-hidden=\"true\"><\/div>\n<\/form>\n<\/div>\n\n\n\n\t\t<\/div>\n\t\t\t\t\t<\/div>\n\n\t\n\n\t<div id=\"col-878292815\" class=\"col medium-6 small-12 large-6\"  >\n\t\t\t\t<div class=\"col-inner box-shadow-5 dark\" style=\"background-color:#f0af15;\" >\n\t\t\t\n\t\t\t\n\n<div class=\"container section-title-container\" ><h2 class=\"section-title section-title-normal\"><b aria-hidden=\"true\"><\/b><span class=\"section-title-main\" >\u0110\u1ecba ch\u1ec9 FikaHub<\/span><b aria-hidden=\"true\"><\/b><\/h2><\/div>\n\n\n\t\t<div class=\"tabbed-content\">\n\t\t\t\n\t\t\t<ul class=\"nav nav-pills nav-uppercase nav-size-normal nav-left\" role=\"tablist\"><li id=\"tab-tphcm\" class=\"tab active has-icon\" role=\"presentation\"><a href=\"#tab_tphcm\" role=\"tab\" aria-selected=\"true\" aria-controls=\"tab_tphcm\"><span>TPHCM<\/span><\/a><\/li>\n<li id=\"tab-l\u00e2m-\u0110\u1ed3ng\" class=\"tab has-icon\" role=\"presentation\"><a href=\"#tab_l\u00e2m-\u0110\u1ed3ng\" tabindex=\"-1\" role=\"tab\" aria-selected=\"false\" aria-controls=\"tab_l\u00e2m-\u0110\u1ed3ng\"><span>L\u00e2m \u0110\u1ed3ng<\/span><\/a><\/li>\n<li id=\"tab-kh\u00e1nh-ho\u00e0\" class=\"tab has-icon\" role=\"presentation\"><a href=\"#tab_kh\u00e1nh-ho\u00e0\" tabindex=\"-1\" role=\"tab\" aria-selected=\"false\" aria-controls=\"tab_kh\u00e1nh-ho\u00e0\"><span>Kh\u00e1nh Ho\u00e0<\/span><\/a><\/li><\/ul><div class=\"tab-panels\"><div id=\"tab_tphcm\" class=\"panel active entry-content\" role=\"tabpanel\" aria-labelledby=\"tab-tphcm\">\n\n\n\n<iframe src=\"https:\/\/www.google.com\/maps\/embed?pb=!1m18!1m12!1m3!1d3919.0299655863537!2d106.6710911!3d10.8090168!2m3!1f0!2f0!3f0!3m2!1i1024!2i768!4f13.1!3m3!1m2!1s0x317529000f1a3e57%3A0xca1f63b8ec712e04!2sFikaHub!5e0!3m2!1sen!2s!4v1743996667371!5m2!1sen!2s\" width=\"100%\" height=\"450\" style=\"border:0;\" allowfullscreen=\"\" loading=\"lazy\" referrerpolicy=\"no-referrer-when-downgrade\"><\/iframe>\n\n<a href=\"https:\/\/vnqr.com\/FikaHubMaps\/\" target=\"_blank\" class=\"button white is-underline expand\" rel=\"noopener nofollow\">\n\t\t<span>Xem \u0111\u00e1nh gi\u00e1 c\u1ee7a kh\u00e1ch h\u00e0ng v\u1ec1 FikaHub tr\u00ean Google Maps<\/span>\n\t<i class=\"icon-map-pin-fill\" aria-hidden=\"true\"><\/i><\/a>\n\n\n\n<\/div>\n<div id=\"tab_l\u00e2m-\u0110\u1ed3ng\" class=\"panel entry-content\" role=\"tabpanel\" aria-labelledby=\"tab-l\u00e2m-\u0110\u1ed3ng\">\n\n\n\n<iframe src=\"https:\/\/www.google.com\/maps\/embed?pb=!1m18!1m12!1m3!1d3911.3570483015833!2d107.5314119!3d11.3815926!2m3!1f0!2f0!3f0!3m2!1i1024!2i768!4f13.1!3m3!1m2!1s0x317471004d79b1e5%3A0x21692ca460bd07f2!2zRmlrYUh1YiBMw6JtIMSQ4buTbmc!5e0!3m2!1sen!2s!4v1759043476265!5m2!1sen!2s\" width=\"100%\" height=\"450\" style=\"border:0;\" allowfullscreen=\"\" loading=\"lazy\" referrerpolicy=\"no-referrer-when-downgrade\"><\/iframe>\n\n<a href=\"https:\/\/vnqr.com\/fkhldmaps\/\" target=\"_blank\" class=\"button white is-underline expand\" rel=\"noopener nofollow\">\n\t\t<span>Xem \u0111\u00e1nh gi\u00e1 c\u1ee7a kh\u00e1ch h\u00e0ng v\u1ec1 FikaHub tr\u00ean Google Maps<\/span>\n\t<i class=\"icon-map-pin-fill\" aria-hidden=\"true\"><\/i><\/a>\n\n\n\n<\/div>\n<div id=\"tab_kh\u00e1nh-ho\u00e0\" class=\"panel entry-content\" role=\"tabpanel\" aria-labelledby=\"tab-kh\u00e1nh-ho\u00e0\">\n\n\n\n<iframe src=\"https:\/\/www.google.com\/maps\/embed?pb=!1m14!1m8!1m3!1d3903.061929668134!2d109.189107!3d11.9702142!3m2!1i1024!2i768!4f13.1!3m3!1m2!1s0x31708d865150863d%3A0x6d4f52785cc32375!2zRmlrYUh1YiBLaMOhbmggSMOyYQ!5e0!3m2!1sen!2s!4v1759043452536!5m2!1sen!2s\" width=\"100%\" height=\"450\" style=\"border:0;\" allowfullscreen=\"\" loading=\"lazy\" referrerpolicy=\"no-referrer-when-downgrade\"><\/iframe>\n\n<a href=\"https:\/\/vnqr.com\/fkhkhmaps\/\" target=\"_blank\" class=\"button white is-underline expand\" rel=\"noopener nofollow\">\n\t\t<span>Xem \u0111\u00e1nh gi\u00e1 c\u1ee7a kh\u00e1ch h\u00e0ng v\u1ec1 FikaHub tr\u00ean Google Maps<\/span>\n\t<i class=\"icon-map-pin-fill\" aria-hidden=\"true\"><\/i><\/a>\n\n\n\n<\/div><\/div><\/div>\n\n\t\t<\/div>\n\t\t\t\t\n<style>\n#col-878292815 > .col-inner {\n  padding: 25px 15px 30px 15px;\n  border-radius: 8px;\n}\n<\/style>\n\t<\/div>\n\n\t\n\n<\/div>\n\n\t\t<\/div>\n\n\t\t\n<style>\n#section_1288625118 {\n  padding-top: 30px;\n  padding-bottom: 30px;\n}\n<\/style>\n\t<\/section>\n\t\n\n\t<section class=\"section\" id=\"section_2026302149\">\n\t\t<div class=\"section-bg fill\" >\n\t\t\t\t\t\t\t\t\t\n\t\t\t\n\n\t\t<\/div>\n\n\t\t\n\n\t\t<div class=\"section-content relative\">\n\t\t\t\n\n<div class=\"row align-center\"  id=\"row-461456054\">\n\n\n\t<div id=\"col-1418821696\" class=\"col small-12 large-12\"  >\n\t\t\t\t<div class=\"col-inner\"  >\n\t\t\t\n\t\t\t\n\n<div class=\"container section-title-container\" ><h2 class=\"section-title section-title-center\"><b aria-hidden=\"true\"><\/b><span class=\"section-title-main\" >Qu\u00e9t m\u00e3 VNQR \u0111\u1ec3 li\u00ean h\u1ec7 nhanh!<\/span><b aria-hidden=\"true\"><\/b><\/h2><\/div>\n\n\n\t\t<\/div>\n\t\t\t\t\t<\/div>\n\n\t\n\n\t<div id=\"col-1392931486\" class=\"col medium-3 small-6 large-3\"  >\n\t\t\t\t<div class=\"col-inner\"  >\n\t\t\t\n\t\t\t\n\n\t<div class=\"box has-hover   has-hover box-text-bottom\" >\n\n\t\t<div class=\"box-image\" >\n\t\t\t\t\t\t<div class=\"\" >\n\t\t\t\t<img decoding=\"async\" src=\"https:\/\/fikahub.com\/wp-content\/uploads\/2025\/02\/fikahubmessenger-3.svg\" class=\"attachment- size-\" alt=\"\">\t\t\t\t\t\t\t\t\t\t\t<\/div>\n\t\t\t\t\t<\/div>\n\n\t\t<div class=\"box-text text-center\" >\n\t\t\t<div class=\"box-text-inner\">\n\t\t\t\t\n\n<h4>Facebook Messenger<\/h4>\n<p>Qu\u00e9t m\u00e3 \u0111\u1ec3 t\u01b0 v\u1ea5n nhanh qua Facebook<\/p>\n\n\t\t\t<\/div>\n\t\t<\/div>\n\t<\/div>\n\t\n\n\t\t<\/div>\n\t\t\t\t\t<\/div>\n\n\t\n\n\t<div id=\"col-1471259954\" class=\"col medium-3 small-6 large-3\"  >\n\t\t\t\t<div class=\"col-inner\"  >\n\t\t\t\n\t\t\t\n\n\t<div class=\"box has-hover   has-hover box-text-bottom\" >\n\n\t\t<div class=\"box-image\" >\n\t\t\t\t\t\t<div class=\"\" >\n\t\t\t\t<img decoding=\"async\" src=\"https:\/\/fikahub.com\/wp-content\/uploads\/2025\/02\/fikahubmessenger-3.svg\" class=\"attachment- size-\" alt=\"\">\t\t\t\t\t\t\t\t\t\t\t<\/div>\n\t\t\t\t\t<\/div>\n\n\t\t<div class=\"box-text text-center\" >\n\t\t\t<div class=\"box-text-inner\">\n\t\t\t\t\n\n<h4>Zalo<\/h4>\n<p>Qu\u00e9t m\u00e3 \u0111\u1ec3 t\u01b0 v\u1ea5n nhanh qua Zalo (\u0111ang c\u1eadp nh\u1eadt)<\/p>\n\n\t\t\t<\/div>\n\t\t<\/div>\n\t<\/div>\n\t\n\n\t\t<\/div>\n\t\t\t\t\t<\/div>\n\n\t\n\n<\/div>\n\n\t\t<\/div>\n\n\t\t\n<style>\n#section_2026302149 {\n  padding-top: 60px;\n  padding-bottom: 60px;\n}\n<\/style>\n\t<\/section>\n\t\n\n","protected":false},"excerpt":{"rendered":"","protected":false},"author":1,"featured_media":0,"parent":0,"menu_order":0,"comment_status":"closed","ping_status":"open","template":"page-blank.php","meta":{"footnotes":""},"class_list":["post-868","page","type-page","status-publish","hentry"],"_links":{"self":[{"href":"https:\/\/fikahub.com\/vi\/wp-json\/wp\/v2\/pages\/868","targetHints":{"allow":["GET"]}}],"collection":[{"href":"https:\/\/fikahub.com\/vi\/wp-json\/wp\/v2\/pages"}],"about":[{"href":"https:\/\/fikahub.com\/vi\/wp-json\/wp\/v2\/types\/page"}],"author":[{"embeddable":true,"href":"https:\/\/fikahub.com\/vi\/wp-json\/wp\/v2\/users\/1"}],"replies":[{"embeddable":true,"href":"https:\/\/fikahub.com\/vi\/wp-json\/wp\/v2\/comments?post=868"}],"version-history":[{"count":15,"href":"https:\/\/fikahub.com\/vi\/wp-json\/wp\/v2\/pages\/868\/revisions"}],"predecessor-version":[{"id":2039,"href":"https:\/\/fikahub.com\/vi\/wp-json\/wp\/v2\/pages\/868\/revisions\/2039"}],"wp:attachment":[{"href":"https:\/\/fikahub.com\/vi\/wp-json\/wp\/v2\/media?parent=868"}],"curies":[{"name":"wp","href":"https:\/\/api.w.org\/{rel}","templated":true}]}}